{"id":10,"date":"2009-06-05T12:00:35","date_gmt":"2009-06-05T11:00:35","guid":{"rendered":"http:\/\/www.tu-braunschweig-isl.de\/STAEDTEBAU_UND_ENTWURFSMETHODIK\/?page_id=10"},"modified":"2021-06-07T11:44:46","modified_gmt":"2021-06-07T09:44:46","slug":"stadtebau-und-entwurfsmethodik","status":"publish","type":"page","link":"https:\/\/www.tu-braunschweig-isl.de\/STAEDTEBAU_UND_ENTWURFSMETHODIK\/?page_id=10","title":{"rendered":"PROFIL"},"content":{"rendered":"<p style=\"text-align: justify;\"><strong data-rich-text-format-boundary=\"true\">Was uns bewegt<\/strong><br data-rich-text-line-break=\"true\" \/>Die Stadt der Zukunft: Wie sieht sie aus? Von wem wird sie geschaffen? Wie wird dort gelebt und gearbeitet? Mit welchen lokalen Antworten reagiert sie auf die globalen Herausforderungen? Und wie wird die Stadt von morgen von modernen Technologien und gesellschaftlichen Entwicklungen beeinflusst? Vor dem Hintergrund dieser Fragen erscheint die Gestaltung unserer st\u00e4dtischen R\u00e4ume wichtiger als je zuvor. Unsere Arbeit bewegt sich im Spagat zwischen Idealismus und Pragmatismus, zwischen Kreativit\u00e4t und Struktur, zwischen gestalterischen Grundlagen und konzeptionellem Denken. Ambitionierte Ideen werden gemeinsam mit Studierenden formuliert und im Entwurf umgesetzt. Bewegende Fragestellungen werden in praxisbezogenen Forschungsprojekten in unserem Team gemeinsam mit kooperierenden Instituten und Kommunen bearbeitet. Bereits erprobte und experimentelle Methoden sowie Augenh\u00f6he in der Zusammenarbeit mit Studierenden und Partner*innen bilden eine Grundlage unserer Arbeit. Eine zukunftsf\u00e4hige Gestaltung der Stadt ist nicht nur eine soziale, wirtschaftliche, energetische und \u00f6kologische Notwendigkeit, sondern auch unsere Leidenschaft.<\/p>\n<p><strong>Wie wir arbeiten<br \/>\n<\/strong>In praxisbezogenen Forschungsprojekten und Lehrveranstaltungen untersucht das Institut Herausforderungen, L\u00f6sungsans\u00e4tze und Einzelaspekte der zukunftsgerechten Stadtgestaltung. Eine Grundlage f\u00fcr das st\u00e4dtebauliche Entwerfen bildet eine kritische Auseinandersetzung mit aktuellen gesellschaftlichen, politischen und technologischen Transformationsprozessen und Trends. Kompetenzen im Umgang mit Techniken an der Schnittstelle zwischen Entwurf und Modell (analog und digital) unterst\u00fctzen unsere Entwurfsarbeit. Experimentelle Entwurfsmethoden, digitale Simulation und Prozessorientierung sind f\u00fcr uns die wichtigsten Instrumente der Gestaltung urbaner R\u00e4ume. Den St\u00e4dtebau verstehen wir als einen vielschichtigen, mehrdimensionalen, dynamischen und zukunftsgerichteten Gestaltungsprozess.<\/p>\n<p style=\"text-align: justify;\">\n","protected":false},"excerpt":{"rendered":"<p>Was uns bewegtDie Stadt der Zukunft: Wie sieht sie aus? Von wem wird sie geschaffen? Wie wird dort gelebt und gearbeitet? Mit welchen lokalen Antworten reagiert sie auf die globalen Herausforderungen? Und wie wird die Stadt von morgen von modernen Technologien und gesellschaftlichen Entwicklungen beeinflusst? Vor dem Hintergrund dieser Fragen erscheint die Gestaltung unserer st\u00e4dtischen &hellip; <a href=\"https:\/\/www.tu-braunschweig-isl.de\/STAEDTEBAU_UND_ENTWURFSMETHODIK\/?page_id=10\" class=\"more-link\"><span class=\"screen-reader-text\">\u201ePROFIL\u201c <\/span>weiterlesen<\/a><\/p>\n","protected":false},"author":1,"featured_media":0,"parent":0,"menu_order":2,"comment_status":"closed","ping_status":"closed","template":"","meta":{"footnotes":""},"class_list":["post-10","page","type-page","status-publish","hentry"],"_links":{"self":[{"href":"https:\/\/www.tu-braunschweig-isl.de\/STAEDTEBAU_UND_ENTWURFSMETHODIK\/index.php?rest_route=\/wp\/v2\/pages\/10","targetHints":{"allow":["GET"]}}],"collection":[{"href":"https:\/\/www.tu-braunschweig-isl.de\/STAEDTEBAU_UND_ENTWURFSMETHODIK\/index.php?rest_route=\/wp\/v2\/pages"}],"about":[{"href":"https:\/\/www.tu-braunschweig-isl.de\/STAEDTEBAU_UND_ENTWURFSMETHODIK\/index.php?rest_route=\/wp\/v2\/types\/page"}],"author":[{"embeddable":true,"href":"https:\/\/www.tu-braunschweig-isl.de\/STAEDTEBAU_UND_ENTWURFSMETHODIK\/index.php?rest_route=\/wp\/v2\/users\/1"}],"replies":[{"embeddable":true,"href":"https:\/\/www.tu-braunschweig-isl.de\/STAEDTEBAU_UND_ENTWURFSMETHODIK\/index.php?rest_route=%2Fwp%2Fv2%2Fcomments&post=10"}],"version-history":[{"count":9,"href":"https:\/\/www.tu-braunschweig-isl.de\/STAEDTEBAU_UND_ENTWURFSMETHODIK\/index.php?rest_route=\/wp\/v2\/pages\/10\/revisions"}],"predecessor-version":[{"id":9410,"href":"https:\/\/www.tu-braunschweig-isl.de\/STAEDTEBAU_UND_ENTWURFSMETHODIK\/index.php?rest_route=\/wp\/v2\/pages\/10\/revisions\/9410"}],"wp:attachment":[{"href":"https:\/\/www.tu-braunschweig-isl.de\/STAEDTEBAU_UND_ENTWURFSMETHODIK\/index.php?rest_route=%2Fwp%2Fv2%2Fmedia&parent=10"}],"curies":[{"name":"wp","href":"https:\/\/api.w.org\/{rel}","templated":true}]}}