{"id":5604,"date":"2017-05-16T15:49:59","date_gmt":"2017-05-16T13:49:59","guid":{"rendered":"http:\/\/www.tu-braunschweig-isl.de\/STAEDTEBAU_UND_ENTWURFSMETHODIK\/?page_id=5604"},"modified":"2017-05-17T12:50:16","modified_gmt":"2017-05-17T10:50:16","slug":"eneff-campus-ii","status":"publish","type":"page","link":"https:\/\/www.tu-braunschweig-isl.de\/STAEDTEBAU_UND_ENTWURFSMETHODIK\/?page_id=5604","title":{"rendered":"EnEff Campus 2020"},"content":{"rendered":"<p>Mit dem Start des Folgeprojekts \u201eEnEff Campus 2020\u201c im September 2015 geht die TU Braunschweig in die Umsetzungsphase des Masterplans 2020. In enger Abstimmung zwischen der Hochschulleitung, der Landesebene, der beteiligten Fachinstitute und nicht zuletzt des lokalen Energieversorgers wird in den kommenden 3 Jahren ein f\u00fcr die deutsche Hochschullandschaft zukunftsweisendes Ma\u00dfnahmenpaket zur energetischen Optimierung des Campus vorbereitet und schrittweise umgesetzt.<\/p>\n<p>Die aus dem \u201eCampus I Projekt\u201c abgeleiteten st\u00e4dtebaulichen (Fl\u00e4chen-) Effizienz-Standards werden in f\u00fcr Dritte anwendbarer Form aufbereitet und dargestellt. Diese sollen mit k\u00fcnftigen Neu-, Um- und R\u00fcckbauprojekten verkn\u00fcpft werden, um ein Bewusstsein f\u00fcr die integrale Bedeutung des Au\u00dfen- und Zwischenraums im Verh\u00e4ltnis zum Geb\u00e4ude zu erzeugen.<\/p>\n<p>Mit der Realisierung zuk\u00fcnftiger (Um-\/R\u00fcck-\/Neubau-) Projekte k\u00f6nnen somit Teilbausteine des nachhaltigen Gesamtkonzepts verwirklicht werden. Dies erm\u00f6glicht die langfristige Entwicklung der TU-Campus zu nachhaltigen Stadtquartieren, die das urbane Umfeld dauerhaft bereichern.<\/p>\n<p>Diese st\u00e4dtebaulichen, sowie weitere projektierte Ma\u00dfnahmen bis 2020 bzw. 2030, werden auf ihre interne und externe Wechselwirkung mit den Campus-Standorten und den angrenzenden Stadtteilen hin untersucht und bewertet. Wohn- bzw. Neubauprojekte im angrenzenden Stadtgebiet stellen eine wichtige Schnittstelle zu den bestehenden Campus dar und werden in die Betrachtung mit einbezogen. Die zu erwartenden Synergie-Effekte bilden hier den Forschungsschwerpunkt und werden sowohl prognostiziert, als auch (nach erfolgter Umsetzung der Ma\u00dfnahmen) wissenschaftlich diagnostiziert und ausgewertet.<\/p>\n<p>Die \u00dcberpr\u00fcfung einer m\u00f6glichen \u00dcbertragbarkeit der Kriterien auf nicht-universit\u00e4re Quartiere und der dazu notwendigen Anpassungen erfolgt in weiteren Arbeitsschritten. Hierbei werden wiederum die synergetischen Wirkungen auf die Nachbarschaften einen Schwerpunkt bilden. Ziel ist es eine Aussage \u00fcber die Resilienz (hier: der F\u00e4higkeit zur allgemeinen \u00dcbertragbarkeit) der urspr\u00fcnglich f\u00fcr die Campus identifizierten Ma\u00dfnahmen und Kriterien zu treffen.<\/p>\n<pre><strong>Laufzeit<\/strong>\r\nSeptember 2015 bis August 2018<\/pre>\n<pre><strong>F\u00f6rderung<\/strong>\r\nBundesministerium f\u00fcr Wirtschaft und Energie (BMWi)<\/pre>\n<pre><strong>Partner intern<\/strong>\r\nIGS - <a href=\"https:\/\/www.tu-braunschweig.de\/igs\">Institut f\u00fcr Geb\u00e4ude- und Solartechnik<\/a>\r\nelenia - <a href=\"https:\/\/www.tu-braunschweig.de\/elenia\">Institut f\u00fcr Hochspannungstechnik und Elektrische Energieanlagen<\/a>\r\nIfP - <a href=\"https:\/\/www.tu-braunschweig.de\/psychologie\">Institut f\u00fcr Psychologie<\/a>\r\nGB3 - <a href=\"https:\/\/www.tu-braunschweig.de\/gb3\">TU Braunschweig - Gesch\u00e4ftsbereich 3 \u2013 Geb\u00e4udemanagement\r\n<\/a>IfN - <a href=\"https:\/\/www.ifn.ing.tu-bs.de\/ifn\/\">Institut f\u00fcr Nachrichtentechnik<\/a>\r\nIBR - <a href=\"https:\/\/www.ibr.cs.tu-bs.de\/\">Institut f\u00fcr Betriebssysteme und Rechnerverbund\r\n\r\n<\/a><strong>Partner extern<\/strong>\r\nHIS - <a href=\"http:\/\/www.his-he.de\/\">HochschulInformationsSystem GmbH<\/a>\r\nSIZ - <a href=\"http:\/\/siz-energie-plus.de\/\">Steinbeis Innovationszentrum energie+<\/a>\r\n<a href=\"http:\/\/www.bs-energy.de\/\">BS Energy<\/a><\/pre>\n","protected":false},"excerpt":{"rendered":"<p>Mit dem Start des Folgeprojekts \u201eEnEff Campus 2020\u201c im September 2015 geht die TU Braunschweig in die Umsetzungsphase des Masterplans 2020. In enger Abstimmung zwischen der Hochschulleitung, der Landesebene, der beteiligten Fachinstitute und nicht zuletzt des lokalen Energieversorgers wird in den kommenden 3 Jahren ein f\u00fcr die deutsche Hochschullandschaft zukunftsweisendes Ma\u00dfnahmenpaket zur energetischen Optimierung des &hellip; <a href=\"https:\/\/www.tu-braunschweig-isl.de\/STAEDTEBAU_UND_ENTWURFSMETHODIK\/?page_id=5604\" class=\"more-link\"><span class=\"screen-reader-text\">\u201eEnEff Campus 2020\u201c <\/span>weiterlesen<\/a><\/p>\n","protected":false},"author":1,"featured_media":0,"parent":0,"menu_order":0,"comment_status":"closed","ping_status":"closed","template":"","meta":{"footnotes":""},"class_list":["post-5604","page","type-page","status-publish","hentry"],"_links":{"self":[{"href":"https:\/\/www.tu-braunschweig-isl.de\/STAEDTEBAU_UND_ENTWURFSMETHODIK\/index.php?rest_route=\/wp\/v2\/pages\/5604","targetHints":{"allow":["GET"]}}],"collection":[{"href":"https:\/\/www.tu-braunschweig-isl.de\/STAEDTEBAU_UND_ENTWURFSMETHODIK\/index.php?rest_route=\/wp\/v2\/pages"}],"about":[{"href":"https:\/\/www.tu-braunschweig-isl.de\/STAEDTEBAU_UND_ENTWURFSMETHODIK\/index.php?rest_route=\/wp\/v2\/types\/page"}],"author":[{"embeddable":true,"href":"https:\/\/www.tu-braunschweig-isl.de\/STAEDTEBAU_UND_ENTWURFSMETHODIK\/index.php?rest_route=\/wp\/v2\/users\/1"}],"replies":[{"embeddable":true,"href":"https:\/\/www.tu-braunschweig-isl.de\/STAEDTEBAU_UND_ENTWURFSMETHODIK\/index.php?rest_route=%2Fwp%2Fv2%2Fcomments&post=5604"}],"version-history":[{"count":5,"href":"https:\/\/www.tu-braunschweig-isl.de\/STAEDTEBAU_UND_ENTWURFSMETHODIK\/index.php?rest_route=\/wp\/v2\/pages\/5604\/revisions"}],"predecessor-version":[{"id":5629,"href":"https:\/\/www.tu-braunschweig-isl.de\/STAEDTEBAU_UND_ENTWURFSMETHODIK\/index.php?rest_route=\/wp\/v2\/pages\/5604\/revisions\/5629"}],"wp:attachment":[{"href":"https:\/\/www.tu-braunschweig-isl.de\/STAEDTEBAU_UND_ENTWURFSMETHODIK\/index.php?rest_route=%2Fwp%2Fv2%2Fmedia&parent=5604"}],"curies":[{"name":"wp","href":"https:\/\/api.w.org\/{rel}","templated":true}]}}