{"id":6190,"date":"2017-12-04T14:52:26","date_gmt":"2017-12-04T13:52:26","guid":{"rendered":"http:\/\/www.tu-braunschweig-isl.de\/STAEDTEBAU_UND_ENTWURFSMETHODIK\/?page_id=6190"},"modified":"2025-10-09T12:47:32","modified_gmt":"2025-10-09T10:47:32","slug":"staedtebauliches-projekt","status":"publish","type":"page","link":"https:\/\/www.tu-braunschweig-isl.de\/STAEDTEBAU_UND_ENTWURFSMETHODIK\/?page_id=6190","title":{"rendered":"St\u00e4dtebauliches Projekt"},"content":{"rendered":"<p>Aufbauend auf die Vorlesung \u201eGrundlagen st\u00e4dtebaulichen Entwerfens \u2013 ZOOM in the City\u201c (im 2. Semester) liegt der Schwerpunkt des \u201eSt\u00e4dtebaulichen Projektes\u201c auf dem konkreten Entwurf in st\u00e4dtebaulichem Ma\u00dfstab. Um die Studierenden des 2. Studienjahres an das komplexe System Stadt heranzuf\u00fchren werden zwei Vor\u00fcbungen vor den eigentlichen Entwurf geschaltet. So werden sie in die Lage versetzt eine individuelle Wahrnehmung der Stadt zu entwickeln und diese anschlie\u00dfend auszuarbeiten und zu \u00fcberpr\u00fcfen. Mit Abschluss dieses Moduls sind die Studierenden nicht nur in der Lage einen gro\u00dfma\u00dfst\u00e4blichen Entwurf eigenst\u00e4ndig zu bearbeiten und zu einer identit\u00e4tsreichen Konzeption auszuarbeiten, sondern haben dar\u00fcber hinaus auch f\u00fcr andere hochbauliche Projekte das n\u00f6tige Handwerkszeug um diese sicher im urbanen Kontext zu positionieren. Gerade in Zeiten zunehmender st\u00e4dtischer Verdichtung kann der Fokus auf eine st\u00e4dtebauliche Grundausbildung nicht fr\u00fch genug erfolgen, ist doch immer h\u00e4ufiger die st\u00e4dtebauliche Haltung eines (Hochbau-) Entwurfes letztlich Wettbewerb entscheidend.<\/p>\n<p><a href=\"https:\/\/www.tu-braunschweig-isl.de\/STAEDTEBAU_UND_ENTWURFSMETHODIK\/wp-content\/uploads\/2017\/12\/ablauf1.jpg\"><img loading=\"lazy\" decoding=\"async\" class=\"alignnone size-full wp-image-6194\" src=\"https:\/\/www.tu-braunschweig-isl.de\/STAEDTEBAU_UND_ENTWURFSMETHODIK\/wp-content\/uploads\/2017\/12\/ablauf1.jpg\" alt=\"\" width=\"1893\" height=\"579\" srcset=\"https:\/\/www.tu-braunschweig-isl.de\/STAEDTEBAU_UND_ENTWURFSMETHODIK\/wp-content\/uploads\/2017\/12\/ablauf1.jpg 1893w, https:\/\/www.tu-braunschweig-isl.de\/STAEDTEBAU_UND_ENTWURFSMETHODIK\/wp-content\/uploads\/2017\/12\/ablauf1-300x92.jpg 300w, https:\/\/www.tu-braunschweig-isl.de\/STAEDTEBAU_UND_ENTWURFSMETHODIK\/wp-content\/uploads\/2017\/12\/ablauf1-768x235.jpg 768w, https:\/\/www.tu-braunschweig-isl.de\/STAEDTEBAU_UND_ENTWURFSMETHODIK\/wp-content\/uploads\/2017\/12\/ablauf1-1024x313.jpg 1024w, https:\/\/www.tu-braunschweig-isl.de\/STAEDTEBAU_UND_ENTWURFSMETHODIK\/wp-content\/uploads\/2017\/12\/ablauf1-1200x367.jpg 1200w\" sizes=\"auto, (max-width: 709px) 85vw, (max-width: 909px) 67vw, (max-width: 1362px) 62vw, 840px\" \/><\/a><\/p>\n<p>Neben dem Arbeiten in einem neuen Ma\u00dfstab, vertiefen die Studierenden auch ihre digitalen Arbeits- und Darstellungsf\u00e4higkeiten. Im Modul B2 \u201eEinf\u00fchrung in das Zeichnen und CAD\u201c welches das ISE in Zusammenarbeit mit dem IEX (Prof. Penkhues) im ersten und zweiten Semester anbietet, wurden erste F\u00e4higkeiten digitaler Ausdrucksm\u00f6glichkeiten (AutoCAD \u2013 Rhinoceros 3D<br \/>\n\u2013 Adobe Illustrator) erlernt. Die, die Vorlesung \u201eGrundlagen st\u00e4dtebaulichen Entwerfens \u2013 ZOOM in the City\u201c begleitenden, \u00dcbungen vertiefen diese darstellerischen F\u00e4higkeiten einerseits und bereiten die Studierenden andererseits auf die erste Teilaufgabe (ANALYSE \u2192 siehe Didaktische Methode) im st\u00e4dtebaulichen Projekt vor.<br \/>\nDie Abgabephase des St\u00e4dtebaulichen Projektes wird zus\u00e4tzlich durch weitere Tutorien zu r\u00e4umlicher Darstellung (Perspektive) und Layout unterst\u00fctzt. Bei der Modellfertigung k\u00f6nnen die Studierenden erstmals die M\u00f6glichkeiten des CAM (computer aided manufacturing) nutzen und die \u2013 ma\u00dfgeblich vom ISE aufgebaute \u2013 Modellbauwerkstatt zur Fertigung ihres Abgabemodells nutzen. Auch diese Erfahrungen und F\u00e4higkeiten sind heutzutage f\u00fcr den weiteren Studienverlauf und einen erfolgreichen Einstieg ins sp\u00e4tere Arbeitsleben unerl\u00e4sslich.<\/p>\n<hr \/>\n<p><img loading=\"lazy\" decoding=\"async\" class=\"alignnone wp-image-10658 size-full\" src=\"https:\/\/www.tu-braunschweig-isl.de\/STAEDTEBAU_UND_ENTWURFSMETHODIK\/wp-content\/uploads\/2025\/10\/Vorlage_Banner.jpg\" alt=\"\" width=\"815\" height=\"272\" srcset=\"https:\/\/www.tu-braunschweig-isl.de\/STAEDTEBAU_UND_ENTWURFSMETHODIK\/wp-content\/uploads\/2025\/10\/Vorlage_Banner.jpg 815w, https:\/\/www.tu-braunschweig-isl.de\/STAEDTEBAU_UND_ENTWURFSMETHODIK\/wp-content\/uploads\/2025\/10\/Vorlage_Banner-300x100.jpg 300w, https:\/\/www.tu-braunschweig-isl.de\/STAEDTEBAU_UND_ENTWURFSMETHODIK\/wp-content\/uploads\/2025\/10\/Vorlage_Banner-768x256.jpg 768w\" sizes=\"auto, (max-width: 815px) 85vw, 815px\" \/><\/p>\n<p><em><a href=\"https:\/\/www.tu-braunschweig-isl.de\/STAEDTEBAU_UND_ENTWURFSMETHODIK\/?p=10657\">Freiladebahnhof Leipzig Ost<\/a><br \/>\n<\/em><em>Leipzig<br \/>\nWinter 2025\/26<\/em><\/p>\n<hr \/>\n<div class=\"post-thumbnail\"><img loading=\"lazy\" decoding=\"async\" class=\"attachment-post-thumbnail wp-post-image alignnone\" src=\"https:\/\/www.tu-braunschweig-isl.de\/STAEDTEBAU_UND_ENTWURFSMETHODIK\/wp-content\/uploads\/2024\/09\/SP-1200x399.jpg\" sizes=\"auto, (max-width: 709px) 85vw, (max-width: 909px) 67vw, (max-width: 984px) 60vw, (max-width: 1362px) 62vw, 840px\" srcset=\"https:\/\/www.tu-braunschweig-isl.de\/STAEDTEBAU_UND_ENTWURFSMETHODIK\/wp-content\/uploads\/2024\/09\/SP-1200x399.jpg 1200w, https:\/\/www.tu-braunschweig-isl.de\/STAEDTEBAU_UND_ENTWURFSMETHODIK\/wp-content\/uploads\/2024\/09\/SP-300x100.jpg 300w, https:\/\/www.tu-braunschweig-isl.de\/STAEDTEBAU_UND_ENTWURFSMETHODIK\/wp-content\/uploads\/2024\/09\/SP-1024x341.jpg 1024w, https:\/\/www.tu-braunschweig-isl.de\/STAEDTEBAU_UND_ENTWURFSMETHODIK\/wp-content\/uploads\/2024\/09\/SP-768x256.jpg 768w, https:\/\/www.tu-braunschweig-isl.de\/STAEDTEBAU_UND_ENTWURFSMETHODIK\/wp-content\/uploads\/2024\/09\/SP-1536x511.jpg 1536w, https:\/\/www.tu-braunschweig-isl.de\/STAEDTEBAU_UND_ENTWURFSMETHODIK\/wp-content\/uploads\/2024\/09\/SP.jpg 1920w\" alt=\"\" width=\"1200\" height=\"399\" \/><\/div>\n<p>&nbsp;<\/p>\n<p><em><a href=\"https:\/\/www.tu-braunschweig-isl.de\/STAEDTEBAU_UND_ENTWURFSMETHODIK\/?p=10392\">MIERENDORFFINSEL<\/a><br \/>\n<\/em><em>Berlin<br \/>\nWinter 2024\/25<\/em><\/p>\n<hr \/>\n<div class=\"post-thumbnail\"><img loading=\"lazy\" decoding=\"async\" class=\"attachment-post-thumbnail wp-post-image alignright\" src=\"https:\/\/www.tu-braunschweig-isl.de\/STAEDTEBAU_UND_ENTWURFSMETHODIK\/wp-content\/uploads\/2023\/09\/WiSe-2324_Banner_Web_SP-1200x399.jpg\" sizes=\"auto, (max-width: 709px) 85vw, (max-width: 909px) 67vw, (max-width: 984px) 60vw, (max-width: 1362px) 62vw, 840px\" srcset=\"https:\/\/www.tu-braunschweig-isl.de\/STAEDTEBAU_UND_ENTWURFSMETHODIK\/wp-content\/uploads\/2023\/09\/WiSe-2324_Banner_Web_SP-1200x399.jpg 1200w, https:\/\/www.tu-braunschweig-isl.de\/STAEDTEBAU_UND_ENTWURFSMETHODIK\/wp-content\/uploads\/2023\/09\/WiSe-2324_Banner_Web_SP-300x100.jpg 300w, https:\/\/www.tu-braunschweig-isl.de\/STAEDTEBAU_UND_ENTWURFSMETHODIK\/wp-content\/uploads\/2023\/09\/WiSe-2324_Banner_Web_SP-1024x341.jpg 1024w, https:\/\/www.tu-braunschweig-isl.de\/STAEDTEBAU_UND_ENTWURFSMETHODIK\/wp-content\/uploads\/2023\/09\/WiSe-2324_Banner_Web_SP-768x256.jpg 768w, https:\/\/www.tu-braunschweig-isl.de\/STAEDTEBAU_UND_ENTWURFSMETHODIK\/wp-content\/uploads\/2023\/09\/WiSe-2324_Banner_Web_SP-1536x511.jpg 1536w, https:\/\/www.tu-braunschweig-isl.de\/STAEDTEBAU_UND_ENTWURFSMETHODIK\/wp-content\/uploads\/2023\/09\/WiSe-2324_Banner_Web_SP.jpg 1920w\" alt=\"\" width=\"1200\" height=\"399\" \/><\/div>\n<p><em><a href=\"https:\/\/www.tu-braunschweig-isl.de\/STAEDTEBAU_UND_ENTWURFSMETHODIK\/?p=10241\">HOHENTORSHAFEN<\/a><br \/>\n<\/em><em>Bremen<br \/>\nWinter 2022\/23<\/em><\/p>\n<div class=\"post-thumbnail\"><\/div>\n<hr style=\"clear: both;\" \/>\n<p><img loading=\"lazy\" decoding=\"async\" class=\"wp-image-9910 alignright\" src=\"https:\/\/www.tu-braunschweig-isl.de\/STAEDTEBAU_UND_ENTWURFSMETHODIK\/wp-content\/uploads\/2022\/10\/WiSe-202223_Banner_Web-SP-300x100.jpg\" alt=\"\" width=\"600\" height=\"200\" srcset=\"https:\/\/www.tu-braunschweig-isl.de\/STAEDTEBAU_UND_ENTWURFSMETHODIK\/wp-content\/uploads\/2022\/10\/WiSe-202223_Banner_Web-SP-300x100.jpg 300w, https:\/\/www.tu-braunschweig-isl.de\/STAEDTEBAU_UND_ENTWURFSMETHODIK\/wp-content\/uploads\/2022\/10\/WiSe-202223_Banner_Web-SP-1024x341.jpg 1024w, https:\/\/www.tu-braunschweig-isl.de\/STAEDTEBAU_UND_ENTWURFSMETHODIK\/wp-content\/uploads\/2022\/10\/WiSe-202223_Banner_Web-SP-768x256.jpg 768w, https:\/\/www.tu-braunschweig-isl.de\/STAEDTEBAU_UND_ENTWURFSMETHODIK\/wp-content\/uploads\/2022\/10\/WiSe-202223_Banner_Web-SP-1536x511.jpg 1536w, https:\/\/www.tu-braunschweig-isl.de\/STAEDTEBAU_UND_ENTWURFSMETHODIK\/wp-content\/uploads\/2022\/10\/WiSe-202223_Banner_Web-SP-1200x399.jpg 1200w, https:\/\/www.tu-braunschweig-isl.de\/STAEDTEBAU_UND_ENTWURFSMETHODIK\/wp-content\/uploads\/2022\/10\/WiSe-202223_Banner_Web-SP.jpg 1920w\" sizes=\"auto, (max-width: 600px) 85vw, 600px\" \/><\/p>\n<p><em><a href=\"https:\/\/www.tu-braunschweig-isl.de\/STAEDTEBAU_UND_ENTWURFSMETHODIK\/?p=9911\">VEDDEL GEHT BADEN<\/a><br \/>\n<\/em><em>Hamburg<br \/>\nWinter 2022<\/em><\/p>\n<hr style=\"clear: both;\" \/>\n<p><img loading=\"lazy\" decoding=\"async\" class=\" wp-image-9474 alignright\" src=\"https:\/\/www.tu-braunschweig-isl.de\/STAEDTEBAU_UND_ENTWURFSMETHODIK\/wp-content\/uploads\/2021\/10\/Banner_Web_600_SP_altes_sket-01-01-300x100.jpg\" alt=\"\" width=\"600\" height=\"200\" srcset=\"https:\/\/www.tu-braunschweig-isl.de\/STAEDTEBAU_UND_ENTWURFSMETHODIK\/wp-content\/uploads\/2021\/10\/Banner_Web_600_SP_altes_sket-01-01-300x100.jpg 300w, https:\/\/www.tu-braunschweig-isl.de\/STAEDTEBAU_UND_ENTWURFSMETHODIK\/wp-content\/uploads\/2021\/10\/Banner_Web_600_SP_altes_sket-01-01-1024x342.jpg 1024w, https:\/\/www.tu-braunschweig-isl.de\/STAEDTEBAU_UND_ENTWURFSMETHODIK\/wp-content\/uploads\/2021\/10\/Banner_Web_600_SP_altes_sket-01-01-768x256.jpg 768w, https:\/\/www.tu-braunschweig-isl.de\/STAEDTEBAU_UND_ENTWURFSMETHODIK\/wp-content\/uploads\/2021\/10\/Banner_Web_600_SP_altes_sket-01-01-1536x513.jpg 1536w, https:\/\/www.tu-braunschweig-isl.de\/STAEDTEBAU_UND_ENTWURFSMETHODIK\/wp-content\/uploads\/2021\/10\/Banner_Web_600_SP_altes_sket-01-01-1200x401.jpg 1200w, https:\/\/www.tu-braunschweig-isl.de\/STAEDTEBAU_UND_ENTWURFSMETHODIK\/wp-content\/uploads\/2021\/10\/Banner_Web_600_SP_altes_sket-01-01.jpg 1920w\" sizes=\"auto, (max-width: 600px) 85vw, 600px\" \/><\/p>\n<p><em><a href=\"https:\/\/www.tu-braunschweig-isl.de\/STAEDTEBAU_UND_ENTWURFSMETHODIK\/?p=9439\">ALTES SKET<\/a><br \/>\n<\/em><em>Magdeburg<br \/>\nWinter 2021<\/em><\/p>\n<hr style=\"clear: both;\" \/>\n<p><img loading=\"lazy\" decoding=\"async\" class=\" wp-image-9479 alignright\" src=\"https:\/\/www.tu-braunschweig-isl.de\/STAEDTEBAU_UND_ENTWURFSMETHODIK\/wp-content\/uploads\/2021\/10\/Banner_Web_600_Bahnstadt_WS2021-300x100.jpg\" alt=\"\" width=\"600\" height=\"200\" srcset=\"https:\/\/www.tu-braunschweig-isl.de\/STAEDTEBAU_UND_ENTWURFSMETHODIK\/wp-content\/uploads\/2021\/10\/Banner_Web_600_Bahnstadt_WS2021-300x100.jpg 300w, https:\/\/www.tu-braunschweig-isl.de\/STAEDTEBAU_UND_ENTWURFSMETHODIK\/wp-content\/uploads\/2021\/10\/Banner_Web_600_Bahnstadt_WS2021-1024x342.jpg 1024w, https:\/\/www.tu-braunschweig-isl.de\/STAEDTEBAU_UND_ENTWURFSMETHODIK\/wp-content\/uploads\/2021\/10\/Banner_Web_600_Bahnstadt_WS2021-768x256.jpg 768w, https:\/\/www.tu-braunschweig-isl.de\/STAEDTEBAU_UND_ENTWURFSMETHODIK\/wp-content\/uploads\/2021\/10\/Banner_Web_600_Bahnstadt_WS2021-1536x513.jpg 1536w, https:\/\/www.tu-braunschweig-isl.de\/STAEDTEBAU_UND_ENTWURFSMETHODIK\/wp-content\/uploads\/2021\/10\/Banner_Web_600_Bahnstadt_WS2021-1200x401.jpg 1200w, https:\/\/www.tu-braunschweig-isl.de\/STAEDTEBAU_UND_ENTWURFSMETHODIK\/wp-content\/uploads\/2021\/10\/Banner_Web_600_Bahnstadt_WS2021.jpg 1920w\" sizes=\"auto, (max-width: 600px) 85vw, 600px\" \/><\/p>\n<p><a href=\"https:\/\/www.tu-braunschweig-isl.de\/STAEDTEBAU_UND_ENTWURFSMETHODIK\/?p=8999\">BAHNSTADT<br \/>\n<\/a>Braunschweig<br \/>\n<em>Winter 2020<\/em><\/p>\n<hr style=\"clear: both; visibilty: hidden;\" \/>\n<p><img loading=\"lazy\" decoding=\"async\" class=\" wp-image-8680 alignright\" src=\"https:\/\/www.tu-braunschweig-isl.de\/STAEDTEBAU_UND_ENTWURFSMETHODIK\/wp-content\/uploads\/2019\/09\/sp_elbsprung-2-300x100.jpg\" alt=\"\" width=\"600\" height=\"225\" \/><\/p>\n<p><em><a href=\"https:\/\/www.tu-braunschweig-isl.de\/STAEDTEBAU_UND_ENTWURFSMETHODIK\/?p=8648\">ELBSPRUNG<br \/>\n<\/a>Hamburg<br \/>\nWinter 2019<\/em><\/p>\n<hr style=\"clear: both;\" \/>\n<p><a href=\"https:\/\/www.tu-braunschweig-isl.de\/STAEDTEBAU_UND_ENTWURFSMETHODIK\/?p=7969\"><img loading=\"lazy\" decoding=\"async\" class=\"alignright wp-image\" src=\"https:\/\/www.tu-braunschweig-isl.de\/STAEDTEBAU_UND_ENTWURFSMETHODIK\/wp-content\/uploads\/2018\/09\/HEAD-SP@2x-1024x341.png\" alt=\"\" width=\"600\" height=\"200\" \/><\/a><\/p>\n<p><em><a href=\"https:\/\/www.tu-braunschweig-isl.de\/STAEDTEBAU_UND_ENTWURFSMETHODIK\/?p=7969\">AQUAKULTUR<br \/>\n<\/a>Kiel<br \/>\nWinter 2018<\/em><\/p>\n<hr style=\"clear: both; visibilty: hidden;\" \/>\n<p><a href=\"https:\/\/www.tu-braunschweig-isl.de\/STAEDTEBAU_UND_ENTWURFSMETHODIK\/?p=5836\"><img loading=\"lazy\" decoding=\"async\" class=\"alignright wp-image-5843\" src=\"https:\/\/www.tu-braunschweig-isl.de\/STAEDTEBAU_UND_ENTWURFSMETHODIK\/wp-content\/uploads\/2017\/09\/sp_banner.jpg\" alt=\"\" width=\"600\" height=\"200\" srcset=\"https:\/\/www.tu-braunschweig-isl.de\/STAEDTEBAU_UND_ENTWURFSMETHODIK\/wp-content\/uploads\/2017\/09\/sp_banner.jpg 600w, https:\/\/www.tu-braunschweig-isl.de\/STAEDTEBAU_UND_ENTWURFSMETHODIK\/wp-content\/uploads\/2017\/09\/sp_banner-300x100.jpg 300w\" sizes=\"auto, (max-width: 600px) 85vw, 600px\" \/><\/a><\/p>\n<p><a href=\"https:\/\/www.tu-braunschweig-isl.de\/STAEDTEBAU_UND_ENTWURFSMETHODIK\/?p=5836\">ELEKTROPOLIS<br \/>\n<\/a>Berlin<br \/>\n<em>Winter 2017<\/em><\/p>\n<hr style=\"clear: both; visibilty: hidden;\" \/>\n<p><a href=\"https:\/\/www.tu-braunschweig-isl.de\/STAEDTEBAU_UND_ENTWURFSMETHODIK\/?p=4865\"><img loading=\"lazy\" decoding=\"async\" class=\"alignright wp-image-5016\" src=\"https:\/\/www.tu-braunschweig-isl.de\/STAEDTEBAU_UND_ENTWURFSMETHODIK\/wp-content\/uploads\/2016\/10\/banner_sp2-1.jpg\" alt=\"\" width=\"599\" height=\"200\" srcset=\"https:\/\/www.tu-braunschweig-isl.de\/STAEDTEBAU_UND_ENTWURFSMETHODIK\/wp-content\/uploads\/2016\/10\/banner_sp2-1.jpg 1246w, https:\/\/www.tu-braunschweig-isl.de\/STAEDTEBAU_UND_ENTWURFSMETHODIK\/wp-content\/uploads\/2016\/10\/banner_sp2-1-300x100.jpg 300w, https:\/\/www.tu-braunschweig-isl.de\/STAEDTEBAU_UND_ENTWURFSMETHODIK\/wp-content\/uploads\/2016\/10\/banner_sp2-1-768x256.jpg 768w, https:\/\/www.tu-braunschweig-isl.de\/STAEDTEBAU_UND_ENTWURFSMETHODIK\/wp-content\/uploads\/2016\/10\/banner_sp2-1-1024x342.jpg 1024w, https:\/\/www.tu-braunschweig-isl.de\/STAEDTEBAU_UND_ENTWURFSMETHODIK\/wp-content\/uploads\/2016\/10\/banner_sp2-1-1200x401.jpg 1200w\" sizes=\"auto, (max-width: 599px) 85vw, 599px\" \/><\/a><\/p>\n<p><a href=\"https:\/\/www.tu-braunschweig-isl.de\/STAEDTEBAU_UND_ENTWURFSMETHODIK\/?p=4865\">Geniner Ufer<br \/>\n<\/a>L\u00fcbeck<br \/>\n<em>Winter 2016<\/em><\/p>\n<hr style=\"clear: both; visibilty: hidden;\" \/>\n<p><a href=\"https:\/\/www.tu-braunschweig-isl.de\/STAEDTEBAU_UND_ENTWURFSMETHODIK\/?p=4631\"><img loading=\"lazy\" decoding=\"async\" class=\"alignright wp-image-4633 size-full\" src=\"https:\/\/www.tu-braunschweig-isl.de\/STAEDTEBAU_UND_ENTWURFSMETHODIK\/wp-content\/uploads\/2016\/07\/banner_entweder-oker.jpg\" alt=\"\" width=\"600\" height=\"200\" srcset=\"https:\/\/www.tu-braunschweig-isl.de\/STAEDTEBAU_UND_ENTWURFSMETHODIK\/wp-content\/uploads\/2016\/07\/banner_entweder-oker.jpg 600w, https:\/\/www.tu-braunschweig-isl.de\/STAEDTEBAU_UND_ENTWURFSMETHODIK\/wp-content\/uploads\/2016\/07\/banner_entweder-oker-300x100.jpg 300w\" sizes=\"auto, (max-width: 600px) 85vw, 600px\" \/><\/a><\/p>\n<p><a href=\"https:\/\/www.tu-braunschweig-isl.de\/STAEDTEBAU_UND_ENTWURFSMETHODIK\/?p=4631\">Entweder Oker<br \/>\n<\/a>Braunschweig<br \/>\n<em>Winter 2015<\/em><\/p>\n<hr style=\"clear: both; visibilty: hidden;\" \/>\n<p><a href=\"https:\/\/www.tu-braunschweig-isl.de\/STAEDTEBAU_UND_ENTWURFSMETHODIK\/?p=4704\"><img loading=\"lazy\" decoding=\"async\" class=\"alignright wp-image-4721\" src=\"https:\/\/www.tu-braunschweig-isl.de\/STAEDTEBAU_UND_ENTWURFSMETHODIK\/wp-content\/uploads\/2016\/08\/Banner-01.jpg\" alt=\"\" width=\"600\" height=\"199\" srcset=\"https:\/\/www.tu-braunschweig-isl.de\/STAEDTEBAU_UND_ENTWURFSMETHODIK\/wp-content\/uploads\/2016\/08\/Banner-01.jpg 725w, https:\/\/www.tu-braunschweig-isl.de\/STAEDTEBAU_UND_ENTWURFSMETHODIK\/wp-content\/uploads\/2016\/08\/Banner-01-300x100.jpg 300w\" sizes=\"auto, (max-width: 600px) 85vw, 600px\" \/><\/a><a href=\"https:\/\/www.tu-braunschweig-isl.de\/STAEDTEBAU_UND_ENTWURFSMETHODIK\/?p=4704\">I&#8217;m Mobility<\/a><br \/>\nBraunschweig<br \/>\n<em>Winter 2015<\/em><\/p>\n<hr style=\"clear: both; visibilty: hidden;\" \/>\n<p><a href=\"https:\/\/www.tu-braunschweig-isl.de\/STAEDTEBAU_UND_ENTWURFSMETHODIK\/?p=3691\"><img loading=\"lazy\" decoding=\"async\" class=\"alignright wp-image-6199 size-full\" src=\"https:\/\/www.tu-braunschweig-isl.de\/STAEDTEBAU_UND_ENTWURFSMETHODIK\/wp-content\/uploads\/2017\/12\/spkbw14.jpg\" alt=\"\" width=\"600\" height=\"200\" srcset=\"https:\/\/www.tu-braunschweig-isl.de\/STAEDTEBAU_UND_ENTWURFSMETHODIK\/wp-content\/uploads\/2017\/12\/spkbw14.jpg 600w, https:\/\/www.tu-braunschweig-isl.de\/STAEDTEBAU_UND_ENTWURFSMETHODIK\/wp-content\/uploads\/2017\/12\/spkbw14-300x100.jpg 300w\" sizes=\"auto, (max-width: 600px) 85vw, 600px\" \/><\/a><\/p>\n<p><a href=\"https:\/\/www.tu-braunschweig-isl.de\/STAEDTEBAU_UND_ENTWURFSMETHODIK\/?p=3691\">Wohnquartier K\u00e4lberwiese<br \/>\n<\/a>Braunschweig<a href=\"https:\/\/www.tu-braunschweig-isl.de\/STAEDTEBAU_UND_ENTWURFSMETHODIK\/?p=3691\"><br \/>\n<\/a><em>Winter 2014<\/em><\/p>\n<hr style=\"clear: both; visibilty: hidden;\" \/>\n<p><a href=\"https:\/\/www.tu-braunschweig-isl.de\/STAEDTEBAU_UND_ENTWURFSMETHODIK\/?p=3071\"><img loading=\"lazy\" decoding=\"async\" class=\"alignright wp-image-6200 size-full\" src=\"https:\/\/www.tu-braunschweig-isl.de\/STAEDTEBAU_UND_ENTWURFSMETHODIK\/wp-content\/uploads\/2017\/12\/spcpl13.jpg\" alt=\"\" width=\"600\" height=\"201\" srcset=\"https:\/\/www.tu-braunschweig-isl.de\/STAEDTEBAU_UND_ENTWURFSMETHODIK\/wp-content\/uploads\/2017\/12\/spcpl13.jpg 600w, https:\/\/www.tu-braunschweig-isl.de\/STAEDTEBAU_UND_ENTWURFSMETHODIK\/wp-content\/uploads\/2017\/12\/spcpl13-300x101.jpg 300w\" sizes=\"auto, (max-width: 600px) 85vw, 600px\" \/><\/a><\/p>\n<p><a href=\"https:\/\/www.tu-braunschweig-isl.de\/STAEDTEBAU_UND_ENTWURFSMETHODIK\/?p=3071\">Campus Plus<br \/>\n<\/a>Braunschweig<br \/>\n<em>Winter 2013<\/em><\/p>\n<hr style=\"clear: both; visibilty: hidden;\" \/>\n<p><a href=\"https:\/\/www.tu-braunschweig-isl.de\/STAEDTEBAU_UND_ENTWURFSMETHODIK\/?p=2758\"><img loading=\"lazy\" decoding=\"async\" class=\"alignright wp-image-6203 size-full\" src=\"https:\/\/www.tu-braunschweig-isl.de\/STAEDTEBAU_UND_ENTWURFSMETHODIK\/wp-content\/uploads\/2017\/12\/sphgl12.jpg\" alt=\"\" width=\"600\" height=\"200\" srcset=\"https:\/\/www.tu-braunschweig-isl.de\/STAEDTEBAU_UND_ENTWURFSMETHODIK\/wp-content\/uploads\/2017\/12\/sphgl12.jpg 600w, https:\/\/www.tu-braunschweig-isl.de\/STAEDTEBAU_UND_ENTWURFSMETHODIK\/wp-content\/uploads\/2017\/12\/sphgl12-300x100.jpg 300w\" sizes=\"auto, (max-width: 600px) 85vw, 600px\" \/><\/a><\/p>\n<p><a href=\"https:\/\/www.tu-braunschweig-isl.de\/STAEDTEBAU_UND_ENTWURFSMETHODIK\/?p=2758\">Wohnquartier Glocksee<br \/>\n<\/a>Hannover<br \/>\n<em>Winter 2012<\/em><\/p>\n<hr style=\"clear: both; visibilty: hidden;\" \/>\n<p><a href=\"https:\/\/www.tu-braunschweig-isl.de\/STAEDTEBAU_UND_ENTWURFSMETHODIK\/?p=2290\"><img loading=\"lazy\" decoding=\"async\" class=\"alignright wp-image-6205 size-full\" src=\"https:\/\/www.tu-braunschweig-isl.de\/STAEDTEBAU_UND_ENTWURFSMETHODIK\/wp-content\/uploads\/2017\/12\/spbnml11.jpg\" alt=\"\" width=\"600\" height=\"200\" srcset=\"https:\/\/www.tu-braunschweig-isl.de\/STAEDTEBAU_UND_ENTWURFSMETHODIK\/wp-content\/uploads\/2017\/12\/spbnml11.jpg 600w, https:\/\/www.tu-braunschweig-isl.de\/STAEDTEBAU_UND_ENTWURFSMETHODIK\/wp-content\/uploads\/2017\/12\/spbnml11-300x100.jpg 300w\" sizes=\"auto, (max-width: 600px) 85vw, 600px\" \/><\/a><\/p>\n<p><a href=\"https:\/\/www.tu-braunschweig-isl.de\/STAEDTEBAU_UND_ENTWURFSMETHODIK\/?p=2290\">Niemandsland<br \/>\n<\/a>Berlin<br \/>\n<em>Winter 2011<\/em><\/p>\n<hr style=\"clear: both; visibilty: hidden;\" \/>\n<p><a href=\"https:\/\/www.tu-braunschweig-isl.de\/STAEDTEBAU_UND_ENTWURFSMETHODIK\/?p=1611\"><img loading=\"lazy\" decoding=\"async\" class=\"alignright wp-image-6204 size-full\" src=\"https:\/\/www.tu-braunschweig-isl.de\/STAEDTEBAU_UND_ENTWURFSMETHODIK\/wp-content\/uploads\/2017\/12\/spheim10.jpg\" alt=\"\" width=\"600\" height=\"200\" srcset=\"https:\/\/www.tu-braunschweig-isl.de\/STAEDTEBAU_UND_ENTWURFSMETHODIK\/wp-content\/uploads\/2017\/12\/spheim10.jpg 600w, https:\/\/www.tu-braunschweig-isl.de\/STAEDTEBAU_UND_ENTWURFSMETHODIK\/wp-content\/uploads\/2017\/12\/spheim10-300x100.jpg 300w\" sizes=\"auto, (max-width: 600px) 85vw, 600px\" \/><\/a><\/p>\n<p><a href=\"https:\/\/www.tu-braunschweig-isl.de\/STAEDTEBAU_UND_ENTWURFSMETHODIK\/?p=1611\">Heimspiel<br \/>\n<\/a>Braunschweig<br \/>\n<em>Winter 2010<\/em><\/p>\n<hr style=\"clear: both; visibilty: hidden;\" \/>\n<p><a href=\"https:\/\/www.tu-braunschweig-isl.de\/STAEDTEBAU_UND_ENTWURFSMETHODIK\/?p=1093\">smART living<br \/>\n<\/a>Braunschweig<br \/>\n<em>Winter 2009<\/em><\/p>\n","protected":false},"excerpt":{"rendered":"<p>Aufbauend auf die Vorlesung \u201eGrundlagen st\u00e4dtebaulichen Entwerfens \u2013 ZOOM in the City\u201c (im 2. Semester) liegt der Schwerpunkt des \u201eSt\u00e4dtebaulichen Projektes\u201c auf dem konkreten Entwurf in st\u00e4dtebaulichem Ma\u00dfstab. Um die Studierenden des 2. Studienjahres an das komplexe System Stadt heranzuf\u00fchren werden zwei Vor\u00fcbungen vor den eigentlichen Entwurf geschaltet. So werden sie in die Lage versetzt &hellip; <a href=\"https:\/\/www.tu-braunschweig-isl.de\/STAEDTEBAU_UND_ENTWURFSMETHODIK\/?page_id=6190\" class=\"more-link\"><span class=\"screen-reader-text\">\u201eSt\u00e4dtebauliches Projekt\u201c <\/span>weiterlesen<\/a><\/p>\n","protected":false},"author":1,"featured_media":4777,"parent":0,"menu_order":0,"comment_status":"closed","ping_status":"closed","template":"","meta":{"footnotes":""},"class_list":["post-6190","page","type-page","status-publish","has-post-thumbnail","hentry"],"_links":{"self":[{"href":"https:\/\/www.tu-braunschweig-isl.de\/STAEDTEBAU_UND_ENTWURFSMETHODIK\/index.php?rest_route=\/wp\/v2\/pages\/6190","targetHints":{"allow":["GET"]}}],"collection":[{"href":"https:\/\/www.tu-braunschweig-isl.de\/STAEDTEBAU_UND_ENTWURFSMETHODIK\/index.php?rest_route=\/wp\/v2\/pages"}],"about":[{"href":"https:\/\/www.tu-braunschweig-isl.de\/STAEDTEBAU_UND_ENTWURFSMETHODIK\/index.php?rest_route=\/wp\/v2\/types\/page"}],"author":[{"embeddable":true,"href":"https:\/\/www.tu-braunschweig-isl.de\/STAEDTEBAU_UND_ENTWURFSMETHODIK\/index.php?rest_route=\/wp\/v2\/users\/1"}],"replies":[{"embeddable":true,"href":"https:\/\/www.tu-braunschweig-isl.de\/STAEDTEBAU_UND_ENTWURFSMETHODIK\/index.php?rest_route=%2Fwp%2Fv2%2Fcomments&post=6190"}],"version-history":[{"count":39,"href":"https:\/\/www.tu-braunschweig-isl.de\/STAEDTEBAU_UND_ENTWURFSMETHODIK\/index.php?rest_route=\/wp\/v2\/pages\/6190\/revisions"}],"predecessor-version":[{"id":10662,"href":"https:\/\/www.tu-braunschweig-isl.de\/STAEDTEBAU_UND_ENTWURFSMETHODIK\/index.php?rest_route=\/wp\/v2\/pages\/6190\/revisions\/10662"}],"wp:featuredmedia":[{"embeddable":true,"href":"https:\/\/www.tu-braunschweig-isl.de\/STAEDTEBAU_UND_ENTWURFSMETHODIK\/index.php?rest_route=\/wp\/v2\/media\/4777"}],"wp:attachment":[{"href":"https:\/\/www.tu-braunschweig-isl.de\/STAEDTEBAU_UND_ENTWURFSMETHODIK\/index.php?rest_route=%2Fwp%2Fv2%2Fmedia&parent=6190"}],"curies":[{"name":"wp","href":"https:\/\/api.w.org\/{rel}","templated":true}]}}